{"id":28460,"date":"2019-06-18T15:24:02","date_gmt":"2019-06-18T13:24:02","guid":{"rendered":"https:\/\/old.encotentin.fr\/?page_id=28460"},"modified":"2019-06-18T15:24:02","modified_gmt":"2019-06-18T13:24:02","slug":"aventure-randonnees-rallye-decouverte","status":"publish","type":"page","link":"https:\/\/www.lahague.org\/dev\/a-faire\/aventure\/balades-randonnees\/randonnee-pedestre\/balades-urbaines\/aventure-randonnees-rallye-decouverte\/","title":{"rendered":"Rallye d\u00e9couverte"},"content":{"rendered":"\t\t<div data-elementor-type=\"wp-post\" data-elementor-id=\"28460\" class=\"elementor elementor-28460\" data-elementor-settings=\"{&quot;ha_cmc_init_switcher&quot;:&quot;no&quot;}\">\n\t\t\t\t\t\t<section class=\"elementor-section elementor-top-section elementor-element elementor-element-93e87a7 elementor-section-boxed elementor-section-height-default elementor-section-height-default\" data-id=\"93e87a7\" data-element_type=\"section\" data-e-type=\"section\" data-settings=\"{&quot;_ha_eqh_enable&quot;:false}\">\n\t\t\t\t\t\t<div class=\"elementor-container elementor-column-gap-default\">\n\t\t\t\t\t<div class=\"elementor-column elementor-col-100 elementor-top-column elementor-element elementor-element-0cd99a0\" data-id=\"0cd99a0\" data-element_type=\"column\" data-e-type=\"column\">\n\t\t\t<div class=\"elementor-widget-wrap elementor-element-populated\">\n\t\t\t\t\t\t<div class=\"elementor-element elementor-element-db52848 elementor-widget elementor-widget-text-editor\" data-id=\"db52848\" data-element_type=\"widget\" data-e-type=\"widget\" data-widget_type=\"text-editor.default\">\n\t\t\t\t\t\t\t\t\t<p class=\"txt_normal\">Un brin d\u2019observation, un zeste de logique, un peu d\u2019imagination\u2026 la recette id\u00e9ale pour d\u00e9couvrir un parcours ponctu\u00e9 d&rsquo;\u00e9nigmes et la diversit\u00e9 des tr\u00e9sors cach\u00e9s, en associant d\u00e9tente et plaisir de la recherche.<\/p><p><span class=\"txt_normal\">En famille, entre amis, \u00e0 l\u2019aide d\u2019une carte et de questions-jeux, votre challenge sera de collecter un maximum de points tout en visitant et de partager un bon moment.<\/span><\/p>\t\t\t\t\t\t\t\t<\/div>\n\t\t\t\t\t<\/div>\n\t\t<\/div>\n\t\t\t\t\t<\/div>\n\t\t<\/section>\n\t\t\t\t<section class=\"elementor-section elementor-top-section elementor-element elementor-element-8f1f524 elementor-section-boxed elementor-section-height-default elementor-section-height-default\" data-id=\"8f1f524\" data-element_type=\"section\" data-e-type=\"section\" data-settings=\"{&quot;_ha_eqh_enable&quot;:false}\">\n\t\t\t\t\t\t<div class=\"elementor-container elementor-column-gap-default\">\n\t\t\t\t\t<div class=\"elementor-column elementor-col-100 elementor-top-column elementor-element elementor-element-f489441\" data-id=\"f489441\" data-element_type=\"column\" data-e-type=\"column\">\n\t\t\t<div class=\"elementor-widget-wrap elementor-element-populated\">\n\t\t\t\t\t\t<div class=\"elementor-element elementor-element-9b5743c elementor-widget elementor-widget-heading\" data-id=\"9b5743c\" data-element_type=\"widget\" data-e-type=\"widget\" data-widget_type=\"heading.default\">\n\t\t\t\t\t<h2 class=\"elementor-heading-title elementor-size-default\">A cherbourg-en-Cotentin<\/h2>\t\t\t\t<\/div>\n\t\t\t\t<div class=\"elementor-element elementor-element-5a18803 elementor-widget elementor-widget-text-editor\" data-id=\"5a18803\" data-element_type=\"widget\" data-e-type=\"widget\" data-widget_type=\"text-editor.default\">\n\t\t\t\t\t\t\t\t\t<p>Ces rallyes touristiques vous sont propos\u00e9s en t\u00e9l\u00e9chargement gratuit sur cette page<\/p>\t\t\t\t\t\t\t\t<\/div>\n\t\t\t\t\t<\/div>\n\t\t<\/div>\n\t\t\t\t\t<\/div>\n\t\t<\/section>\n\t\t\t\t<section class=\"elementor-section elementor-top-section elementor-element elementor-element-2035225 elementor-section-boxed elementor-section-height-default elementor-section-height-default\" data-id=\"2035225\" data-element_type=\"section\" data-e-type=\"section\" data-settings=\"{&quot;_ha_eqh_enable&quot;:false}\">\n\t\t\t\t\t\t<div class=\"elementor-container elementor-column-gap-default\">\n\t\t\t\t\t<div class=\"elementor-column elementor-col-100 elementor-top-column elementor-element elementor-element-0d414ed\" data-id=\"0d414ed\" data-element_type=\"column\" data-e-type=\"column\">\n\t\t\t<div class=\"elementor-widget-wrap elementor-element-populated\">\n\t\t\t\t\t\t<div class=\"elementor-element elementor-element-18dbd86 elementor-widget elementor-widget-heading\" data-id=\"18dbd86\" data-element_type=\"widget\" data-e-type=\"widget\" data-widget_type=\"heading.default\">\n\t\t\t\t\t<h3 class=\"elementor-heading-title elementor-size-default\">A la d\u00e9couverte de Cherbourg<\/h3>\t\t\t\t<\/div>\n\t\t\t\t\t<\/div>\n\t\t<\/div>\n\t\t\t\t\t<\/div>\n\t\t<\/section>\n\t\t\t\t<section class=\"elementor-section elementor-top-section elementor-element elementor-element-dfb0199 elementor-section-boxed elementor-section-height-default elementor-section-height-default\" data-id=\"dfb0199\" data-element_type=\"section\" data-e-type=\"section\" data-settings=\"{&quot;_ha_eqh_enable&quot;:false}\">\n\t\t\t\t\t\t<div class=\"elementor-container elementor-column-gap-default\">\n\t\t\t\t\t<div class=\"elementor-column elementor-col-50 elementor-top-column elementor-element elementor-element-1faf19b\" data-id=\"1faf19b\" data-element_type=\"column\" data-e-type=\"column\">\n\t\t\t<div class=\"elementor-widget-wrap elementor-element-populated\">\n\t\t\t\t\t\t<div class=\"elementor-element elementor-element-ebbbb65 elementor-widget elementor-widget-text-editor\" data-id=\"ebbbb65\" data-element_type=\"widget\" data-e-type=\"widget\" data-widget_type=\"text-editor.default\">\n\t\t\t\t\t\t\t\t\t<p class=\"txt_normal\">Partez <a href=\"https:\/\/old.encotentin.fr\/wp-content\/uploads\/2019\/06\/rando_jeu_cherbourg.pdf\" target=\"_blank\" rel=\"noopener\">\u00e0 la conqu\u00eate de la ville de Cherbourg-en-Cotentin<\/a> seul, entre amis ou en famille et red\u00e9couvrez le centre m\u00e9di\u00e9val et l&rsquo;histoire de la ville de mani\u00e8re ludique.<br \/><span class=\"txt_normal\">Distance : 2 km\u00a0<br \/><\/span><span class=\"txt_normal\">Dur\u00e9e estim\u00e9e : 1h15\u00a0<\/span><\/p>\t\t\t\t\t\t\t\t<\/div>\n\t\t\t\t<div class=\"elementor-element elementor-element-69e1bb3 elementor-widget elementor-widget-text-editor\" data-id=\"69e1bb3\" data-element_type=\"widget\" data-e-type=\"widget\" data-widget_type=\"text-editor.default\">\n\t\t\t\t\t\t\t\t\t<p>(Attention pour l&rsquo;impression du document pdf, pensez \u00e0 configurer votre imprimante en recto verso, reliure petit c\u00f4t\u00e9).<br \/>Pour consulter les r\u00e9ponses \u00e0 ce jeu, <a href=\"https:\/\/old.encotentin.fr\/wp-content\/uploads\/2019\/06\/cherbourg_reponses.pdf\" target=\"_blank\" rel=\"noopener\">cliquez ici<\/a>. Ne trichez pas, consultez apr\u00e8s avoir jou\u00e9 !<\/p>\t\t\t\t\t\t\t\t<\/div>\n\t\t\t\t\t<\/div>\n\t\t<\/div>\n\t\t\t\t<div class=\"elementor-column elementor-col-50 elementor-top-column elementor-element elementor-element-280c155\" data-id=\"280c155\" data-element_type=\"column\" data-e-type=\"column\">\n\t\t\t<div class=\"elementor-widget-wrap elementor-element-populated\">\n\t\t\t\t\t\t<div class=\"elementor-element elementor-element-dc5ddf3 elementor-widget elementor-widget-image\" data-id=\"dc5ddf3\" data-element_type=\"widget\" data-e-type=\"widget\" data-widget_type=\"image.default\">\n\t\t\t\t\t\t\t\t\t\t\t\t\t\t\t\t<a href=\"https:\/\/old.encotentin.fr\/wp-content\/uploads\/2019\/06\/rando_jeu_cherbourg.pdf\" target=\"_blank\" rel=\"noopener noreferrer nofollow\">\n\t\t\t\t\t\t\t<img decoding=\"async\" src=\"https:\/\/old.encotentin.fr\/wp-content\/uploads\/2021\/03\/rallye_decouverte_cherbourg-1.jpg\" title=\"\" alt=\"\" loading=\"lazy\" \/>\t\t\t\t\t\t\t\t<\/a>\n\t\t\t\t\t\t\t\t\t\t\t\t\t\t\t<\/div>\n\t\t\t\t\t<\/div>\n\t\t<\/div>\n\t\t\t\t\t<\/div>\n\t\t<\/section>\n\t\t\t\t<section class=\"elementor-section elementor-top-section elementor-element elementor-element-0eccfa3 elementor-section-boxed elementor-section-height-default elementor-section-height-default\" data-id=\"0eccfa3\" data-element_type=\"section\" data-e-type=\"section\" data-settings=\"{&quot;_ha_eqh_enable&quot;:false}\">\n\t\t\t\t\t\t<div class=\"elementor-container elementor-column-gap-default\">\n\t\t\t\t\t<div class=\"elementor-column elementor-col-50 elementor-top-column elementor-element elementor-element-39da7ca\" data-id=\"39da7ca\" data-element_type=\"column\" data-e-type=\"column\">\n\t\t\t<div class=\"elementor-widget-wrap elementor-element-populated\">\n\t\t\t\t\t\t<div class=\"elementor-element elementor-element-9545796 elementor-widget elementor-widget-text-editor\" data-id=\"9545796\" data-element_type=\"widget\" data-e-type=\"widget\" data-widget_type=\"text-editor.default\">\n\t\t\t\t\t\t\t\t\t<h3><strong>Le rando-jeu DDay \u00e0 Cherbourg-en-Cotentin<\/strong><\/h3><p>Du fait de son positionnement strat\u00e9gique, Cherbourg joua un r\u00f4le majeur suite au d\u00e9barquement alli\u00e9 et porte encore les traces de ces moments historiques.<\/p><p>De l\u2019Office de Tourisme au fort du Roule.<br \/><a href=\"https:\/\/old.encotentin.fr\/patrimoine-culturel\/musee-de-la-liberation\/\" target=\"_blank\" rel=\"noopener noreferrer nofollow\">Mus\u00e9e de la Lib\u00e9ration<\/a><br \/>Dur\u00e9e estim\u00e9e du rallye : 1h45<br \/>Route escarp\u00e9e pour acc\u00e9der au fort<\/p>\t\t\t\t\t\t\t\t<\/div>\n\t\t\t\t\t<\/div>\n\t\t<\/div>\n\t\t\t\t<div class=\"elementor-column elementor-col-50 elementor-top-column elementor-element elementor-element-2de191b\" data-id=\"2de191b\" data-element_type=\"column\" data-e-type=\"column\">\n\t\t\t<div class=\"elementor-widget-wrap elementor-element-populated\">\n\t\t\t\t\t\t<div class=\"elementor-element elementor-element-671691f elementor-widget elementor-widget-image\" data-id=\"671691f\" data-element_type=\"widget\" data-e-type=\"widget\" data-widget_type=\"image.default\">\n\t\t\t\t\t\t\t\t\t\t\t\t\t\t\t\t<a href=\"https:\/\/old.encotentin.fr\/wp-content\/uploads\/2019\/06\/randojeu-dday-cherbourg.pdf\" target=\"_blank\" rel=\"noopener noreferrer nofollow\">\n\t\t\t\t\t\t\t<img decoding=\"async\" src=\"https:\/\/old.encotentin.fr\/wp-content\/uploads\/2019\/06\/randojeu-dday.jpg\" title=\"\" alt=\"\" loading=\"lazy\" \/>\t\t\t\t\t\t\t\t<\/a>\n\t\t\t\t\t\t\t\t\t\t\t\t\t\t\t<\/div>\n\t\t\t\t\t<\/div>\n\t\t<\/div>\n\t\t\t\t\t<\/div>\n\t\t<\/section>\n\t\t\t\t<section class=\"elementor-section elementor-top-section elementor-element elementor-element-84683ad elementor-section-boxed elementor-section-height-default elementor-section-height-default\" data-id=\"84683ad\" data-element_type=\"section\" data-e-type=\"section\" data-settings=\"{&quot;_ha_eqh_enable&quot;:false}\">\n\t\t\t\t\t\t<div class=\"elementor-container elementor-column-gap-default\">\n\t\t\t\t\t<div class=\"elementor-column elementor-col-100 elementor-top-column elementor-element elementor-element-97a3278\" data-id=\"97a3278\" data-element_type=\"column\" data-e-type=\"column\">\n\t\t\t<div class=\"elementor-widget-wrap elementor-element-populated\">\n\t\t\t\t\t\t<div class=\"elementor-element elementor-element-ad0f577 elementor-widget elementor-widget-text-editor\" data-id=\"ad0f577\" data-element_type=\"widget\" data-e-type=\"widget\" data-widget_type=\"text-editor.default\">\n\t\t\t\t\t\t\t\t\t<p class=\"txt_petit\">Attention c&rsquo;est en format A2<br \/>Pour consulter les r\u00e9ponses \u00e0 ce jeu, <a href=\"https:\/\/old.encotentin.fr\/wp-content\/uploads\/2019\/06\/randojeu_reponses_d_day.pdf\" target=\"_blank\" rel=\"noopener\">cliquez ici<\/a>. Ne trichez pas, consultez apr\u00e8s avoir jou\u00e9 !<\/p>\t\t\t\t\t\t\t\t<\/div>\n\t\t\t\t\t<\/div>\n\t\t<\/div>\n\t\t\t\t\t<\/div>\n\t\t<\/section>\n\t\t\t\t<section class=\"elementor-section elementor-top-section elementor-element elementor-element-8491de5 elementor-section-boxed elementor-section-height-default elementor-section-height-default\" data-id=\"8491de5\" data-element_type=\"section\" data-e-type=\"section\" data-settings=\"{&quot;_ha_eqh_enable&quot;:false}\">\n\t\t\t\t\t\t<div class=\"elementor-container elementor-column-gap-default\">\n\t\t\t\t\t<div class=\"elementor-column elementor-col-50 elementor-top-column elementor-element elementor-element-1ba275b\" data-id=\"1ba275b\" data-element_type=\"column\" data-e-type=\"column\">\n\t\t\t<div class=\"elementor-widget-wrap elementor-element-populated\">\n\t\t\t\t\t\t<div class=\"elementor-element elementor-element-d1816e0 elementor-widget elementor-widget-image\" data-id=\"d1816e0\" data-element_type=\"widget\" data-e-type=\"widget\" data-widget_type=\"image.default\">\n\t\t\t\t\t\t\t\t\t\t\t\t\t\t\t\t<a href=\"https:\/\/old.encotentin.fr\/wp-content\/uploads\/2019\/06\/rando-jeu-maritime-cherbourg.pdf\" target=\"_blank\" rel=\"noopener noreferrer nofollow\">\n\t\t\t\t\t\t\t<img decoding=\"async\" src=\"https:\/\/old.encotentin.fr\/wp-content\/uploads\/2019\/06\/randojeu-maritime.jpg\" title=\"\" alt=\"\" loading=\"lazy\" \/>\t\t\t\t\t\t\t\t<\/a>\n\t\t\t\t\t\t\t\t\t\t\t\t\t\t\t<\/div>\n\t\t\t\t\t<\/div>\n\t\t<\/div>\n\t\t\t\t<div class=\"elementor-column elementor-col-50 elementor-top-column elementor-element elementor-element-b03a7ce\" data-id=\"b03a7ce\" data-element_type=\"column\" data-e-type=\"column\">\n\t\t\t<div class=\"elementor-widget-wrap elementor-element-populated\">\n\t\t\t\t\t\t<div class=\"elementor-element elementor-element-53a532c elementor-widget elementor-widget-text-editor\" data-id=\"53a532c\" data-element_type=\"widget\" data-e-type=\"widget\" data-widget_type=\"text-editor.default\">\n\t\t\t\t\t\t\t\t\t<h3><strong>Le <a href=\"https:\/\/old.encotentin.fr\/wp-content\/uploads\/2019\/06\/rando-jeu-maritime-cherbourg.pdf\" target=\"_blank\" rel=\"noopener\">rando-jeu Maritime<\/a> \u00e0 Cherbourg-en-Cotentin<\/strong><\/h3><p>Vous d\u00e9couvrirez les diff\u00e9rentes vocations de Cherbourg, \u00e0 la fois grand port militaire et transatlantique dot\u00e9 de <a href=\"https:\/\/old.encotentin.fr\/unique\/rade-cherbourg\" target=\"_blank\" rel=\"noopener noreferrer nofollow\">la plus grande rade artificielle d\u2019Europe.<\/a><\/p><p>Une boucle en passant par<br \/>la <a href=\"https:\/\/old.encotentin.fr\/patrimoine-culturel\/la-cite-de-la-mer\/\" target=\"_blank\" rel=\"noopener noreferrer nofollow\">Cit\u00e9 de la Mer, le <\/a>Mus\u00e9e Thomas Henry, la\u00a0Biblioth\u00e8que Jacques Pr\u00e9vert<br \/>Dur\u00e9e estim\u00e9e du rallye : 1h45<\/p>\t\t\t\t\t\t\t\t<\/div>\n\t\t\t\t\t<\/div>\n\t\t<\/div>\n\t\t\t\t\t<\/div>\n\t\t<\/section>\n\t\t\t\t<section class=\"elementor-section elementor-top-section elementor-element elementor-element-8b28e7f elementor-section-boxed elementor-section-height-default elementor-section-height-default\" data-id=\"8b28e7f\" data-element_type=\"section\" data-e-type=\"section\" data-settings=\"{&quot;_ha_eqh_enable&quot;:false}\">\n\t\t\t\t\t\t<div class=\"elementor-container elementor-column-gap-default\">\n\t\t\t\t\t<div class=\"elementor-column elementor-col-100 elementor-top-column elementor-element elementor-element-576f470\" data-id=\"576f470\" data-element_type=\"column\" data-e-type=\"column\">\n\t\t\t<div class=\"elementor-widget-wrap elementor-element-populated\">\n\t\t\t\t\t\t<div class=\"elementor-element elementor-element-8e57dc2 elementor-widget elementor-widget-text-editor\" data-id=\"8e57dc2\" data-element_type=\"widget\" data-e-type=\"widget\" data-widget_type=\"text-editor.default\">\n\t\t\t\t\t\t\t\t\t<p>Attention c&rsquo;est en format A2<br \/>Pour consulter les r\u00e9ponses \u00e0 ce jeu, <a href=\"https:\/\/old.encotentin.fr\/wp-content\/uploads\/2019\/06\/randojeu_reponses_maritime.pdf\" target=\"_blank\" rel=\"noopener\">cliquez ici<\/a>. Ne trichez pas, consultez apr\u00e8s avoir jou\u00e9 !<\/p>\t\t\t\t\t\t\t\t<\/div>\n\t\t\t\t\t<\/div>\n\t\t<\/div>\n\t\t\t\t\t<\/div>\n\t\t<\/section>\n\t\t\t\t<section class=\"elementor-section elementor-top-section elementor-element elementor-element-a8d1272 elementor-section-boxed elementor-section-height-default elementor-section-height-default\" data-id=\"a8d1272\" data-element_type=\"section\" data-e-type=\"section\" data-settings=\"{&quot;_ha_eqh_enable&quot;:false}\">\n\t\t\t\t\t\t<div class=\"elementor-container elementor-column-gap-default\">\n\t\t\t\t\t<div class=\"elementor-column elementor-col-100 elementor-top-column elementor-element elementor-element-0b33f4a\" data-id=\"0b33f4a\" data-element_type=\"column\" data-e-type=\"column\">\n\t\t\t<div class=\"elementor-widget-wrap\">\n\t\t\t\t\t\t\t<\/div>\n\t\t<\/div>\n\t\t\t\t\t<\/div>\n\t\t<\/section>\n\t\t\t\t<\/div>\n\t\t","protected":false},"excerpt":{"rendered":"<p>Une fa\u00e7on ludique et originale pour visiter Cherbourg en s&rsquo;amusant !<\/p>\n","protected":false},"author":1,"featured_media":29811,"parent":36927,"menu_order":0,"comment_status":"closed","ping_status":"closed","template":"page-templates\/intermediaire.php","meta":{"_eb_attr":"","footnotes":""},"class_list":["post-28460","page","type-page","status-publish","has-post-thumbnail","hentry"],"featured_media_urls":[],"_links":{"self":[{"href":"https:\/\/www.lahague.org\/dev\/wp-json\/wp\/v2\/pages\/28460","targetHints":{"allow":["GET"]}}],"collection":[{"href":"https:\/\/www.lahague.org\/dev\/wp-json\/wp\/v2\/pages"}],"about":[{"href":"https:\/\/www.lahague.org\/dev\/wp-json\/wp\/v2\/types\/page"}],"author":[{"embeddable":true,"href":"https:\/\/www.lahague.org\/dev\/wp-json\/wp\/v2\/users\/1"}],"replies":[{"embeddable":true,"href":"https:\/\/www.lahague.org\/dev\/wp-json\/wp\/v2\/comments?post=28460"}],"version-history":[{"count":0,"href":"https:\/\/www.lahague.org\/dev\/wp-json\/wp\/v2\/pages\/28460\/revisions"}],"up":[{"embeddable":true,"href":"https:\/\/www.lahague.org\/dev\/wp-json\/wp\/v2\/pages\/36927"}],"wp:featuredmedia":[{"embeddable":true,"href":"https:\/\/www.lahague.org\/dev\/wp-json\/"}],"wp:attachment":[{"href":"https:\/\/www.lahague.org\/dev\/wp-json\/wp\/v2\/media?parent=28460"}],"curies":[{"name":"wp","href":"https:\/\/api.w.org\/{rel}","templated":true}]}}