{"id":26247,"date":"2019-06-17T14:35:02","date_gmt":"2019-06-17T12:35:02","guid":{"rendered":"https:\/\/old.encotentin.fr\/?page_id=26247"},"modified":"2019-06-17T14:35:02","modified_gmt":"2019-06-17T12:35:02","slug":"pros-taxe-sejour","status":"publish","type":"page","link":"https:\/\/www.lahague.org\/dev\/pros\/pros-taxe-sejour\/","title":{"rendered":"La taxe de s\u00e9jour"},"content":{"rendered":"\t\t<div data-elementor-type=\"wp-post\" data-elementor-id=\"26247\" class=\"elementor elementor-26247\" data-elementor-settings=\"{&quot;ha_cmc_init_switcher&quot;:&quot;no&quot;}\">\n\t\t\t\t\t\t<section class=\"elementor-section elementor-top-section elementor-element elementor-element-019aa69 elementor-section-boxed elementor-section-height-default elementor-section-height-default\" data-id=\"019aa69\" data-element_type=\"section\" data-e-type=\"section\" data-settings=\"{&quot;_ha_eqh_enable&quot;:false}\">\n\t\t\t\t\t\t<div class=\"elementor-container elementor-column-gap-default\">\n\t\t\t\t\t<div class=\"elementor-column elementor-col-100 elementor-top-column elementor-element elementor-element-d14b0c9\" data-id=\"d14b0c9\" data-element_type=\"column\" data-e-type=\"column\">\n\t\t\t<div class=\"elementor-widget-wrap elementor-element-populated\">\n\t\t\t\t\t\t<div class=\"elementor-element elementor-element-234eade elementor-widget elementor-widget-heading\" data-id=\"234eade\" data-element_type=\"widget\" data-e-type=\"widget\" data-widget_type=\"heading.default\">\n\t\t\t\t\t<h2 class=\"elementor-heading-title elementor-size-default\">La taxe de s\u00e9jour dans le Cotentin <\/h2>\t\t\t\t<\/div>\n\t\t\t\t\t<\/div>\n\t\t<\/div>\n\t\t\t\t\t<\/div>\n\t\t<\/section>\n\t\t\t\t<section class=\"elementor-section elementor-top-section elementor-element elementor-element-515e105 elementor-section-boxed elementor-section-height-default elementor-section-height-default\" data-id=\"515e105\" data-element_type=\"section\" data-e-type=\"section\" data-settings=\"{&quot;_ha_eqh_enable&quot;:false}\">\n\t\t\t\t\t\t<div class=\"elementor-container elementor-column-gap-default\">\n\t\t\t\t\t<div class=\"elementor-column elementor-col-100 elementor-top-column elementor-element elementor-element-a2570b5\" data-id=\"a2570b5\" data-element_type=\"column\" data-e-type=\"column\">\n\t\t\t<div class=\"elementor-widget-wrap elementor-element-populated\">\n\t\t\t\t\t\t<div class=\"elementor-element elementor-element-076e5be elementor-widget elementor-widget-text-editor\" data-id=\"076e5be\" data-element_type=\"widget\" data-e-type=\"widget\" data-widget_type=\"text-editor.default\">\n\t\t\t\t\t\t\t\t\t<p>Depuis le 1<sup>er<\/sup> janvier 2018, la Communaut\u00e9 d\u2019agglom\u00e9ration du Cotentin collecte la taxe de s\u00e9jour sur l\u2019ensemble des h\u00e9bergements de son territoire. Toute personne venant s\u00e9journer dans un h\u00e9bergement sur le territoire de l\u2019agglom\u00e9ration doit s\u2019en acquitter aupr\u00e8s de son h\u00f4te.<\/p><p>Retrouvez dans cette rubrique les tarifs et les modalit\u00e9s d\u2019application de cette taxe.<\/p>\t\t\t\t\t\t\t\t<\/div>\n\t\t\t\t\t<\/div>\n\t\t<\/div>\n\t\t\t\t\t<\/div>\n\t\t<\/section>\n\t\t\t\t<section class=\"elementor-section elementor-top-section elementor-element elementor-element-4236bb2 elementor-section-boxed elementor-section-height-default elementor-section-height-default\" data-id=\"4236bb2\" data-element_type=\"section\" data-e-type=\"section\" data-settings=\"{&quot;_ha_eqh_enable&quot;:false}\">\n\t\t\t\t\t\t<div class=\"elementor-container elementor-column-gap-default\">\n\t\t\t\t\t<div class=\"elementor-column elementor-col-100 elementor-top-column elementor-element elementor-element-1a56215\" data-id=\"1a56215\" data-element_type=\"column\" data-e-type=\"column\">\n\t\t\t<div class=\"elementor-widget-wrap elementor-element-populated\">\n\t\t\t\t\t\t<div class=\"elementor-element elementor-element-e43a1f7 elementor-widget elementor-widget-text-editor\" data-id=\"e43a1f7\" data-element_type=\"widget\" data-e-type=\"widget\" data-widget_type=\"text-editor.default\">\n\t\t\t\t\t\t\t\t\t<p>Vous trouverez, ci dessous les affichettes des tarifs, mise \u00e0 jour, que vous voudrez bien apposer de fa\u00e7on visible dans votre h\u00e9bergement. Nous vous rappelons que cet affichage est une obligation r\u00e9glementaire.<\/p><p>De plus, l\u2019Office de Tourisme du Cotentin peut vous fournir des affichettes suppl\u00e9mentaires<\/p>\t\t\t\t\t\t\t\t<\/div>\n\t\t\t\t\t<\/div>\n\t\t<\/div>\n\t\t\t\t\t<\/div>\n\t\t<\/section>\n\t\t\t\t<section class=\"elementor-section elementor-top-section elementor-element elementor-element-23598db elementor-section-boxed elementor-section-height-default elementor-section-height-default\" data-id=\"23598db\" data-element_type=\"section\" data-e-type=\"section\" data-settings=\"{&quot;_ha_eqh_enable&quot;:false}\">\n\t\t\t\t\t\t<div class=\"elementor-container elementor-column-gap-default\">\n\t\t\t\t\t<div class=\"elementor-column elementor-col-50 elementor-top-column elementor-element elementor-element-e7a94a1\" data-id=\"e7a94a1\" data-element_type=\"column\" data-e-type=\"column\">\n\t\t\t<div class=\"elementor-widget-wrap elementor-element-populated\">\n\t\t\t\t\t\t<div class=\"elementor-element elementor-element-fed68c8 elementor-widget elementor-widget-heading\" data-id=\"fed68c8\" data-element_type=\"widget\" data-e-type=\"widget\" data-widget_type=\"heading.default\">\n\t\t\t\t\t<h3 class=\"elementor-heading-title elementor-size-default\">Avec un tarif fixe<\/h3>\t\t\t\t<\/div>\n\t\t\t\t<div class=\"elementor-element elementor-element-41f3c90 elementor-widget elementor-widget-image\" data-id=\"41f3c90\" data-element_type=\"widget\" data-e-type=\"widget\" data-widget_type=\"image.default\">\n\t\t\t\t\t\t\t\t\t\t\t\t\t\t\t\t<a href=\"https:\/\/old.encotentin.fr\/wp-content\/uploads\/2024\/01\/affiche-des-tarifs-fixes.pdf\" target=\"_blank\" rel=\"noopener noreferrer nofollow\">\n\t\t\t\t\t\t\t<img decoding=\"async\" src=\"https:\/\/old.encotentin.fr\/wp-content\/uploads\/2024\/01\/affiche-des-tarifs-fixes.jpg\" title=\"\" alt=\"\" loading=\"lazy\" \/>\t\t\t\t\t\t\t\t<\/a>\n\t\t\t\t\t\t\t\t\t\t\t\t\t\t\t<\/div>\n\t\t\t\t<div class=\"elementor-element elementor-element-67daf64 elementor-widget elementor-widget-text-editor\" data-id=\"67daf64\" data-element_type=\"widget\" data-e-type=\"widget\" data-widget_type=\"text-editor.default\">\n\t\t\t\t\t\t\t\t\t<h6 style=\"text-align: center;\">Cliquez sur l&rsquo;image pour ouvrir un pdf<\/h6>\t\t\t\t\t\t\t\t<\/div>\n\t\t\t\t\t<\/div>\n\t\t<\/div>\n\t\t\t\t<div class=\"elementor-column elementor-col-50 elementor-top-column elementor-element elementor-element-1811ee7\" data-id=\"1811ee7\" data-element_type=\"column\" data-e-type=\"column\">\n\t\t\t<div class=\"elementor-widget-wrap elementor-element-populated\">\n\t\t\t\t\t\t<div class=\"elementor-element elementor-element-31f3c98 elementor-widget elementor-widget-heading\" data-id=\"31f3c98\" data-element_type=\"widget\" data-e-type=\"widget\" data-widget_type=\"heading.default\">\n\t\t\t\t\t<h3 class=\"elementor-heading-title elementor-size-default\">Avec un tarif variable<\/h3>\t\t\t\t<\/div>\n\t\t\t\t<div class=\"elementor-element elementor-element-ce05173 elementor-widget elementor-widget-image\" data-id=\"ce05173\" data-element_type=\"widget\" data-e-type=\"widget\" data-widget_type=\"image.default\">\n\t\t\t\t\t\t\t\t\t\t\t\t\t\t\t\t<a href=\"https:\/\/old.encotentin.fr\/wp-content\/uploads\/2024\/01\/affiche-du-tarif-proportionnel.pdf\" target=\"_blank\" rel=\"noopener noreferrer nofollow\">\n\t\t\t\t\t\t\t<img decoding=\"async\" src=\"https:\/\/old.encotentin.fr\/wp-content\/uploads\/2024\/01\/affiche-du-tarif-proportionnel.jpg\" title=\"\" alt=\"\" loading=\"lazy\" \/>\t\t\t\t\t\t\t\t<\/a>\n\t\t\t\t\t\t\t\t\t\t\t\t\t\t\t<\/div>\n\t\t\t\t<div class=\"elementor-element elementor-element-281ba5a elementor-widget elementor-widget-text-editor\" data-id=\"281ba5a\" data-element_type=\"widget\" data-e-type=\"widget\" data-widget_type=\"text-editor.default\">\n\t\t\t\t\t\t\t\t\t<h6 style=\"text-align: center;\">Cliquez sur l&rsquo;image pour ouvrir un pdf<\/h6>\t\t\t\t\t\t\t\t<\/div>\n\t\t\t\t\t<\/div>\n\t\t<\/div>\n\t\t\t\t\t<\/div>\n\t\t<\/section>\n\t\t\t\t<section class=\"elementor-section elementor-top-section elementor-element elementor-element-beeae63 elementor-section-boxed elementor-section-height-default elementor-section-height-default\" data-id=\"beeae63\" data-element_type=\"section\" data-e-type=\"section\" data-settings=\"{&quot;_ha_eqh_enable&quot;:false}\">\n\t\t\t\t\t\t<div class=\"elementor-container elementor-column-gap-default\">\n\t\t\t\t\t<div class=\"elementor-column elementor-col-100 elementor-top-column elementor-element elementor-element-27e0eaa\" data-id=\"27e0eaa\" data-element_type=\"column\" data-e-type=\"column\">\n\t\t\t<div class=\"elementor-widget-wrap elementor-element-populated\">\n\t\t\t\t\t\t<div class=\"elementor-element elementor-element-36bb9f5 elementor-widget elementor-widget-text-editor\" data-id=\"36bb9f5\" data-element_type=\"widget\" data-e-type=\"widget\" data-widget_type=\"text-editor.default\">\n\t\t\t\t\t\t\t\t\t<p><b>Ci-dessous, les guides t\u00e9l\u00e9chargeables de tarifs<\/b><\/p>\t\t\t\t\t\t\t\t<\/div>\n\t\t\t\t\t<\/div>\n\t\t<\/div>\n\t\t\t\t\t<\/div>\n\t\t<\/section>\n\t\t\t\t<section class=\"elementor-section elementor-top-section elementor-element elementor-element-cadd812 elementor-section-boxed elementor-section-height-default elementor-section-height-default\" data-id=\"cadd812\" data-element_type=\"section\" data-e-type=\"section\" data-settings=\"{&quot;_ha_eqh_enable&quot;:false}\">\n\t\t\t\t\t\t<div class=\"elementor-container elementor-column-gap-default\">\n\t\t\t\t\t<div class=\"elementor-column elementor-col-50 elementor-top-column elementor-element elementor-element-941e77e\" data-id=\"941e77e\" data-element_type=\"column\" data-e-type=\"column\">\n\t\t\t<div class=\"elementor-widget-wrap elementor-element-populated\">\n\t\t\t\t\t\t<div class=\"elementor-element elementor-element-c05af73 elementor-widget elementor-widget-heading\" data-id=\"c05af73\" data-element_type=\"widget\" data-e-type=\"widget\" data-widget_type=\"heading.default\">\n\t\t\t\t\t<h3 class=\"elementor-heading-title elementor-size-default\">Guide tarifs fixes<\/h3>\t\t\t\t<\/div>\n\t\t\t\t<div class=\"elementor-element elementor-element-38fa6ad elementor-widget elementor-widget-image\" data-id=\"38fa6ad\" data-element_type=\"widget\" data-e-type=\"widget\" data-widget_type=\"image.default\">\n\t\t\t\t\t\t\t\t\t\t\t\t\t\t\t\t<a href=\"https:\/\/old.encotentin.fr\/wp-content\/uploads\/2024\/01\/guide-de-la-facturation-des-tarifs-fixes.pdf\" target=\"_blank\" rel=\"noopener noreferrer nofollow\">\n\t\t\t\t\t\t\t<img decoding=\"async\" src=\"https:\/\/old.encotentin.fr\/wp-content\/uploads\/2024\/01\/guide-de-la-facturation-des-tarifs-fixes-1.jpg\" title=\"\" alt=\"\" loading=\"lazy\" \/>\t\t\t\t\t\t\t\t<\/a>\n\t\t\t\t\t\t\t\t\t\t\t\t\t\t\t<\/div>\n\t\t\t\t<div class=\"elementor-element elementor-element-9964acc elementor-widget elementor-widget-text-editor\" data-id=\"9964acc\" data-element_type=\"widget\" data-e-type=\"widget\" data-widget_type=\"text-editor.default\">\n\t\t\t\t\t\t\t\t\t<h6 style=\"text-align: center;\">Cliquez sur l&rsquo;image pour ouvrir un pdf<\/h6>\t\t\t\t\t\t\t\t<\/div>\n\t\t\t\t\t<\/div>\n\t\t<\/div>\n\t\t\t\t<div class=\"elementor-column elementor-col-50 elementor-top-column elementor-element elementor-element-db84b2f\" data-id=\"db84b2f\" data-element_type=\"column\" data-e-type=\"column\">\n\t\t\t<div class=\"elementor-widget-wrap elementor-element-populated\">\n\t\t\t\t\t\t<div class=\"elementor-element elementor-element-de8e634 elementor-widget elementor-widget-heading\" data-id=\"de8e634\" data-element_type=\"widget\" data-e-type=\"widget\" data-widget_type=\"heading.default\">\n\t\t\t\t\t<h3 class=\"elementor-heading-title elementor-size-default\">Guide tarifs variables<\/h3>\t\t\t\t<\/div>\n\t\t\t\t<div class=\"elementor-element elementor-element-2c34b35 elementor-widget elementor-widget-image\" data-id=\"2c34b35\" data-element_type=\"widget\" data-e-type=\"widget\" data-widget_type=\"image.default\">\n\t\t\t\t\t\t\t\t\t\t\t\t\t\t\t\t<a href=\"https:\/\/old.encotentin.fr\/wp-content\/uploads\/2024\/01\/guide-de-la-facturation-du-tarif-proportionnel-4.pdf\" target=\"_blank\" rel=\"noopener noreferrer nofollow\">\n\t\t\t\t\t\t\t<img decoding=\"async\" src=\"https:\/\/old.encotentin.fr\/wp-content\/uploads\/2024\/01\/guide-de-la-facturation-du-tarif-proportionnel-4-1.jpg\" title=\"\" alt=\"\" loading=\"lazy\" \/>\t\t\t\t\t\t\t\t<\/a>\n\t\t\t\t\t\t\t\t\t\t\t\t\t\t\t<\/div>\n\t\t\t\t<div class=\"elementor-element elementor-element-23ffe5a elementor-widget elementor-widget-text-editor\" data-id=\"23ffe5a\" data-element_type=\"widget\" data-e-type=\"widget\" data-widget_type=\"text-editor.default\">\n\t\t\t\t\t\t\t\t\t<h6 style=\"text-align: center;\">Cliquez sur l&rsquo;image pour ouvrir un pdf<\/h6>\t\t\t\t\t\t\t\t<\/div>\n\t\t\t\t\t<\/div>\n\t\t<\/div>\n\t\t\t\t\t<\/div>\n\t\t<\/section>\n\t\t\t\t<section class=\"elementor-section elementor-top-section elementor-element elementor-element-aec67f1 elementor-section-boxed elementor-section-height-default elementor-section-height-default\" data-id=\"aec67f1\" data-element_type=\"section\" data-e-type=\"section\" data-settings=\"{&quot;_ha_eqh_enable&quot;:false}\">\n\t\t\t\t\t\t<div class=\"elementor-container elementor-column-gap-default\">\n\t\t\t\t\t<div class=\"elementor-column elementor-col-100 elementor-top-column elementor-element elementor-element-4094a1e\" data-id=\"4094a1e\" data-element_type=\"column\" data-e-type=\"column\">\n\t\t\t<div class=\"elementor-widget-wrap\">\n\t\t\t\t\t\t\t<\/div>\n\t\t<\/div>\n\t\t\t\t\t<\/div>\n\t\t<\/section>\n\t\t\t\t<\/div>\n\t\t","protected":false},"excerpt":{"rendered":"<p>La Communaut\u00e9 d\u2019Agglom\u00e9ration a vot\u00e9 les nouveaux tarifs de taxe de s\u00e9jour, applicables \u00e0 compter du 1er janvier 2019, prenant \u00e9galement en compte la taxe additionnelle en vigueur dans la Manche.<\/p>\n","protected":false},"author":1,"featured_media":22495,"parent":280,"menu_order":0,"comment_status":"closed","ping_status":"closed","template":"page-templates\/intermediaire.php","meta":{"_eb_attr":"","footnotes":""},"class_list":["post-26247","page","type-page","status-publish","has-post-thumbnail","hentry"],"featured_media_urls":[],"_links":{"self":[{"href":"https:\/\/www.lahague.org\/dev\/wp-json\/wp\/v2\/pages\/26247","targetHints":{"allow":["GET"]}}],"collection":[{"href":"https:\/\/www.lahague.org\/dev\/wp-json\/wp\/v2\/pages"}],"about":[{"href":"https:\/\/www.lahague.org\/dev\/wp-json\/wp\/v2\/types\/page"}],"author":[{"embeddable":true,"href":"https:\/\/www.lahague.org\/dev\/wp-json\/wp\/v2\/users\/1"}],"replies":[{"embeddable":true,"href":"https:\/\/www.lahague.org\/dev\/wp-json\/wp\/v2\/comments?post=26247"}],"version-history":[{"count":0,"href":"https:\/\/www.lahague.org\/dev\/wp-json\/wp\/v2\/pages\/26247\/revisions"}],"up":[{"embeddable":true,"href":"https:\/\/www.lahague.org\/dev\/wp-json\/wp\/v2\/pages\/280"}],"wp:featuredmedia":[{"embeddable":true,"href":"https:\/\/www.lahague.org\/dev\/wp-json\/"}],"wp:attachment":[{"href":"https:\/\/www.lahague.org\/dev\/wp-json\/wp\/v2\/media?parent=26247"}],"curies":[{"name":"wp","href":"https:\/\/api.w.org\/{rel}","templated":true}]}}